{"id":12,"date":"2021-07-08T19:50:46","date_gmt":"2021-07-08T19:50:46","guid":{"rendered":"https:\/\/spontanement.org\/fuzyon\/?page_id=12"},"modified":"2025-08-06T15:43:45","modified_gmt":"2025-08-06T15:43:45","slug":"fuzyon","status":"publish","type":"page","link":"https:\/\/spontanement.org\/fuzyon\/","title":{"rendered":"Danser \u00e0 Lyon"},"content":{"rendered":"\n<p>Tous les jeudis, au <a href=\"https:\/\/www.centrelgbtilyon.org\/\" data-type=\"URL\" data-id=\"https:\/\/www.centrelgbtilyon.org\/\">centre LGBTI+<\/a> de Lyon (19 rue des capucins), nous nous retrouvons pour un cours de danse Fusion de 19h30 \u00e0 20h30, puis une une session de pratique libre de 20h30 \u00e0 21h30.<\/p>\n\n\n\n<p>Les cours sont gratuits, mais nous demandons une participation aux activit\u00e9s de fonctionnement. Sans obligation, nous vous recommandons d&#8217;adh\u00e9rer au centre LGBTI+ de Lyon (15\u20ac\/an).<\/p>\n\n\n\n<p>Si vous voulez danser ailleurs, retrouvez toute la danse fusion en Europe sur <a href=\"http:\/\/fusion-dancing.eu\/\" data-type=\"link\" data-id=\"http:\/\/fusion-dancing.eu\/\">fusion-dancing.eu<\/a><\/p>\n","protected":false},"excerpt":{"rendered":"<p>Tous les jeudis, au centre LGBTI+ de Lyon (19 rue des capucins), nous nous retrouvons pour un cours de danse Fusion de 19h30 \u00e0 20h30, puis une une session de pratique libre de 20h30 \u00e0 21h30. Les cours sont gratuits, mais nous demandons une participation aux activit\u00e9s de fonctionnement. Sans obligation, nous vous recommandons d&#8217;adh\u00e9rer &hellip; <\/p>\n<p class=\"link-more\"><a href=\"https:\/\/spontanement.org\/fuzyon\/\" class=\"more-link\">Continue reading<span class=\"screen-reader-text\"> &#8220;Danser \u00e0 Lyon&#8221;<\/span><\/a><\/p>\n","protected":false},"author":1,"featured_media":0,"parent":0,"menu_order":0,"comment_status":"closed","ping_status":"closed","template":"","meta":{"footnotes":""},"class_list":["post-12","page","type-page","status-publish","hentry"],"_links":{"self":[{"href":"https:\/\/spontanement.org\/fuzyon\/wp-json\/wp\/v2\/pages\/12","targetHints":{"allow":["GET"]}}],"collection":[{"href":"https:\/\/spontanement.org\/fuzyon\/wp-json\/wp\/v2\/pages"}],"about":[{"href":"https:\/\/spontanement.org\/fuzyon\/wp-json\/wp\/v2\/types\/page"}],"author":[{"embeddable":true,"href":"https:\/\/spontanement.org\/fuzyon\/wp-json\/wp\/v2\/users\/1"}],"replies":[{"embeddable":true,"href":"https:\/\/spontanement.org\/fuzyon\/wp-json\/wp\/v2\/comments?post=12"}],"version-history":[{"count":9,"href":"https:\/\/spontanement.org\/fuzyon\/wp-json\/wp\/v2\/pages\/12\/revisions"}],"predecessor-version":[{"id":96,"href":"https:\/\/spontanement.org\/fuzyon\/wp-json\/wp\/v2\/pages\/12\/revisions\/96"}],"wp:attachment":[{"href":"https:\/\/spontanement.org\/fuzyon\/wp-json\/wp\/v2\/media?parent=12"}],"curies":[{"name":"wp","href":"https:\/\/api.w.org\/{rel}","templated":true}]}}