{"id":14,"date":"2021-07-11T12:50:25","date_gmt":"2021-07-11T12:50:25","guid":{"rendered":"https:\/\/spontanement.org\/fuzyon\/?page_id=14"},"modified":"2024-09-16T09:43:04","modified_gmt":"2024-09-16T09:43:04","slug":"quest-ce-que-la-fusion","status":"publish","type":"page","link":"https:\/\/spontanement.org\/fuzyon\/quest-ce-que-la-fusion\/","title":{"rendered":"Qu&#8217;est-ce que la Fusion ?"},"content":{"rendered":"\n<p>C&#8217;est une danse qui laisse la part belle \u00e0 l&#8217;improvisation. Le plus souvent dans\u00e9e \u00e0 deux, on m\u00e9lange diff\u00e9rentes danses, diff\u00e9rentes influences pour co-cr\u00e9er avec son ou sa partenaire une danse qui se connecte \u00e0 la musique. Une nouvelle musique, un ou une nouvelle partenaire, et c&#8217;est une nouvelle danse qu&#8217;on cr\u00e9\u00e9!<\/p>\n\n\n\n<h1 class=\"wp-block-heading\">A quoi \u00e7a ressemble ?<\/h1>\n\n\n\n<p>\u00c7a d\u00e9pend des danseurs et de la musique ! Vous pouvez retrouver des examples ici:<\/p>\n\n\n\n<figure class=\"wp-block-embed is-type-video is-provider-youtube wp-block-embed-youtube wp-embed-aspect-16-9 wp-has-aspect-ratio\"><div class=\"wp-block-embed__wrapper\">\n<iframe loading=\"lazy\" title=\"June 24th Firehouse 5 Fusion strictly 2018\" width=\"525\" height=\"295\" src=\"https:\/\/www.youtube.com\/embed\/HGQcWcDnsMU?feature=oembed\" frameborder=\"0\" allow=\"accelerometer; autoplay; clipboard-write; encrypted-media; gyroscope; picture-in-picture; web-share\" referrerpolicy=\"strict-origin-when-cross-origin\" allowfullscreen><\/iframe>\n<\/div><\/figure>\n\n\n\n<p>Quelques autres exemples:<br><a href=\"https:\/\/www.facebook.com\/groups\/304625290241672\/?__cft__[0]=AZUprbq7NFnzK9DlBjGFEb0ipxySrdq7W3CxymjvP-t0UVc83HR3Mhk22msCSOKhf5b2we4guDZIo-UtofZEP-nZ1mtZJ-lr9e3QGHTd64Hu-AeLOgJwUFdXNTFEBt2-U1tqgrS7Ccfh_olBEy5r24f1oUPMsFMrM2HXQMmnsQBv0A&amp;__tn__=-UK-R\">https:\/\/www.facebook.com\/groups\/304625290241672<\/a><br><a href=\"https:\/\/www.facebook.com\/QTFusionDanceDC\/videos\/918962135105233\/?__cft__[0]=AZUprbq7NFnzK9DlBjGFEb0ipxySrdq7W3CxymjvP-t0UVc83HR3Mhk22msCSOKhf5b2we4guDZIo-UtofZEP-nZ1mtZJ-lr9e3QGHTd64Hu-AeLOgJwUFdXNTFEBt2-U1tqgrS7Ccfh_olBEy5r24f1oUPMsFMrM2HXQMmnsQBv0A&amp;__tn__=-UK-R\">https:\/\/www.facebook.com\/watch\/?v=918962135105233<\/a><br><a rel=\"noreferrer noopener\" href=\"https:\/\/www.youtube.com\/watch?v=UDJspNWEQkc&amp;fbclid=IwAR243T-ytcUDXvcJ40GtjRCmsSYMyPM38H_XN4M439ABYm55bM0I3pagw84\" target=\"_blank\">https:\/\/www.youtube.com\/watch?v=UDJspNWEQkc<\/a><br><a rel=\"noreferrer noopener\" href=\"https:\/\/vimeo.com\/371572340?fbclid=IwAR3A-LZ8yub096dMi-d_V4fik8CG6Q1dte150qcr9GjUTEV-VSCN2U62kAE\" target=\"_blank\">https:\/\/vimeo.com\/371572340<\/a><\/p>\n\n\n\n<h1 class=\"wp-block-heading\">La Fusion se danse sur quelle musique?<\/h1>\n\n\n\n<p>La Fusion se dance souvent sur de la pop ou de l&#8217;electro, mais tout style est le bienvenu. Elle se danse \u00e9galement comme son nom l&#8217;indique sur des musiques qui fusionnent diff\u00e9rents styles : swing, blues, salsa, hip-hop, tango, bachata, kizomba&#8230;. Quelques examples de playlists de ce qu&#8217;on peut entendre en Fusion:<\/p>\n\n\n\n<figure class=\"wp-block-embed is-type-rich is-provider-spotify wp-block-embed-spotify wp-embed-aspect-21-9 wp-has-aspect-ratio\"><div class=\"wp-block-embed__wrapper\">\n<iframe title=\"Spotify Embed: DJX Application 10pm\" style=\"border-radius: 12px\" width=\"100%\" height=\"352\" frameborder=\"0\" allowfullscreen allow=\"autoplay; clipboard-write; encrypted-media; fullscreen; picture-in-picture\" loading=\"lazy\" src=\"https:\/\/open.spotify.com\/embed\/playlist\/341674y6hy6ZNfvzp4ABdp?si=785dd42884874d8a&#038;nd=1&#038;utm_source=oembed\"><\/iframe>\n<\/div><\/figure>\n\n\n\n<p>Quelques autres exemples :<br><a rel=\"noreferrer noopener\" href=\"https:\/\/open.spotify.com\/playlist\/2SXxS34OegdnGtGTtP9rHO?si=78360d0dfeb84f36&amp;fbclid=IwAR1JMGDUlYFNBWF2ZIZVCyPoYtAQKEQdB5o9vxO5O67f0T85tgkYK3RlKWU\" target=\"_blank\">https:\/\/open.spotify.com\/playlist\/2SXxS34OegdnGtGTtP9rHO&#8230;<\/a><br><a rel=\"noreferrer noopener\" href=\"https:\/\/open.spotify.com\/playlist\/4eY9KzsocYfe2qtSnA5fpL?si=835dbc9ffddc46f4&amp;fbclid=IwAR2_mLmVVyN_-t0QXHD_mhhVXiGYbvx2bbCrOYLd7fZvzzKuN9POtpgjOxA\" target=\"_blank\">https:\/\/open.spotify.com\/playlist\/4eY9KzsocYfe2qtSnA5fpL&#8230;<\/a><\/p>\n\n\n\n<h1 class=\"wp-block-heading\">Pour en savoir plus, \u00e9coutez l&#8217;interview par Trans Culture:<\/h1>\n\n\n\n<figure class=\"wp-block-embed is-type-video is-provider-youtube wp-block-embed-youtube wp-embed-aspect-4-3 wp-has-aspect-ratio\"><div class=\"wp-block-embed__wrapper\">\n<iframe loading=\"lazy\" title=\"Forum des associations 2024 - Danse FUZYON QUEER\" width=\"525\" height=\"394\" src=\"https:\/\/www.youtube.com\/embed\/MfUG_xE24ZU?feature=oembed\" frameborder=\"0\" allow=\"accelerometer; autoplay; clipboard-write; encrypted-media; gyroscope; picture-in-picture; web-share\" referrerpolicy=\"strict-origin-when-cross-origin\" allowfullscreen><\/iframe>\n<\/div><\/figure>\n","protected":false},"excerpt":{"rendered":"<p>C&#8217;est une danse qui laisse la part belle \u00e0 l&#8217;improvisation. Le plus souvent dans\u00e9e \u00e0 deux, on m\u00e9lange diff\u00e9rentes danses, diff\u00e9rentes influences pour co-cr\u00e9er avec son ou sa partenaire une danse qui se connecte \u00e0 la musique. Une nouvelle musique, un ou une nouvelle partenaire, et c&#8217;est une nouvelle danse qu&#8217;on cr\u00e9\u00e9! A quoi \u00e7a &hellip; <\/p>\n<p class=\"link-more\"><a href=\"https:\/\/spontanement.org\/fuzyon\/quest-ce-que-la-fusion\/\" class=\"more-link\">Continue reading<span class=\"screen-reader-text\"> &#8220;Qu&#8217;est-ce que la Fusion ?&#8221;<\/span><\/a><\/p>\n","protected":false},"author":1,"featured_media":0,"parent":0,"menu_order":0,"comment_status":"closed","ping_status":"closed","template":"","meta":{"footnotes":""},"class_list":["post-14","page","type-page","status-publish","hentry"],"_links":{"self":[{"href":"https:\/\/spontanement.org\/fuzyon\/wp-json\/wp\/v2\/pages\/14","targetHints":{"allow":["GET"]}}],"collection":[{"href":"https:\/\/spontanement.org\/fuzyon\/wp-json\/wp\/v2\/pages"}],"about":[{"href":"https:\/\/spontanement.org\/fuzyon\/wp-json\/wp\/v2\/types\/page"}],"author":[{"embeddable":true,"href":"https:\/\/spontanement.org\/fuzyon\/wp-json\/wp\/v2\/users\/1"}],"replies":[{"embeddable":true,"href":"https:\/\/spontanement.org\/fuzyon\/wp-json\/wp\/v2\/comments?post=14"}],"version-history":[{"count":3,"href":"https:\/\/spontanement.org\/fuzyon\/wp-json\/wp\/v2\/pages\/14\/revisions"}],"predecessor-version":[{"id":91,"href":"https:\/\/spontanement.org\/fuzyon\/wp-json\/wp\/v2\/pages\/14\/revisions\/91"}],"wp:attachment":[{"href":"https:\/\/spontanement.org\/fuzyon\/wp-json\/wp\/v2\/media?parent=14"}],"curies":[{"name":"wp","href":"https:\/\/api.w.org\/{rel}","templated":true}]}}